{"id":2,"date":"2008-08-28T14:53:47","date_gmt":"2008-08-28T12:53:47","guid":{"rendered":"http:\/\/taverne.skritz.com\/blog\/?page_id=2"},"modified":"2008-10-03T20:14:11","modified_gmt":"2008-10-03T18:14:11","slug":"a-propos","status":"publish","type":"page","link":"https:\/\/taverne.skritz.com\/blog\/?page_id=2","title":{"rendered":"\u00c0 propos"},"content":{"rendered":"<p>La taverne du nain est une guilde pour World of Warcraft orient\u00e9e PVE sur le serveur Confr\u00e9rie du thorium (eu). Notre guilde est bas\u00e9e sur le RP, la bonne humeur et la volont\u00e9 de jouer pour le plaisir avant tout.<\/p>\n<p>Ce blog contient l&rsquo;histoire de la taverne et de ses membres. Nous disposons \u00e9galement d&rsquo;un forum, n&rsquo;h\u00e9sitez pas \u00e0 aller y faire un tour et pourquoi pas vous inscrire.<\/p>\n","protected":false},"excerpt":{"rendered":"<p>La taverne du nain est une guilde pour World of Warcraft orient\u00e9e PVE sur le serveur Confr\u00e9rie du thorium (eu). Notre guilde est bas\u00e9e sur le RP, la bonne humeur et la volont\u00e9 de jouer pour le plaisir avant tout. Ce blog contient l&rsquo;histoire de la taverne et de ses membres. Nous disposons \u00e9galement d&rsquo;un [&hellip;]<\/p>\n","protected":false},"author":1,"featured_media":0,"parent":0,"menu_order":0,"comment_status":"open","ping_status":"open","template":"","meta":[],"_links":{"self":[{"href":"https:\/\/taverne.skritz.com\/blog\/index.php?rest_route=\/wp\/v2\/pages\/2"}],"collection":[{"href":"https:\/\/taverne.skritz.com\/blog\/index.php?rest_route=\/wp\/v2\/pages"}],"about":[{"href":"https:\/\/taverne.skritz.com\/blog\/index.php?rest_route=\/wp\/v2\/types\/page"}],"author":[{"embeddable":true,"href":"https:\/\/taverne.skritz.com\/blog\/index.php?rest_route=\/wp\/v2\/users\/1"}],"replies":[{"embeddable":true,"href":"https:\/\/taverne.skritz.com\/blog\/index.php?rest_route=%2Fwp%2Fv2%2Fcomments&post=2"}],"version-history":[{"count":3,"href":"https:\/\/taverne.skritz.com\/blog\/index.php?rest_route=\/wp\/v2\/pages\/2\/revisions"}],"predecessor-version":[{"id":51,"href":"https:\/\/taverne.skritz.com\/blog\/index.php?rest_route=\/wp\/v2\/pages\/2\/revisions\/51"}],"wp:attachment":[{"href":"https:\/\/taverne.skritz.com\/blog\/index.php?rest_route=%2Fwp%2Fv2%2Fmedia&parent=2"}],"curies":[{"name":"wp","href":"https:\/\/api.w.org\/{rel}","templated":true}]}}